{"id":20,"date":"2025-01-02T07:16:22","date_gmt":"2025-01-02T07:16:22","guid":{"rendered":"https:\/\/molennooitvolmaakt.nl\/?page_id=20"},"modified":"2025-04-13T19:23:56","modified_gmt":"2025-04-13T19:23:56","slug":"winkel","status":"publish","type":"page","link":"https:\/\/molennooitvolmaakt.nl\/?page_id=20","title":{"rendered":"Molenwinkel"},"content":{"rendered":"\n<div class=\"wp-block-media-text is-stacked-on-mobile\"><figure class=\"wp-block-media-text__media\"><img loading=\"lazy\" decoding=\"async\" width=\"1024\" height=\"768\" src=\"https:\/\/molennooitvolmaakt.nl\/wp-content\/uploads\/2025\/01\/20250111_093308-1024x768.jpg\" alt=\"\" class=\"wp-image-1449 size-full\" srcset=\"https:\/\/molennooitvolmaakt.nl\/wp-content\/uploads\/2025\/01\/20250111_093308-1024x768.jpg 1024w, https:\/\/molennooitvolmaakt.nl\/wp-content\/uploads\/2025\/01\/20250111_093308-300x225.jpg 300w, https:\/\/molennooitvolmaakt.nl\/wp-content\/uploads\/2025\/01\/20250111_093308-768x576.jpg 768w, https:\/\/molennooitvolmaakt.nl\/wp-content\/uploads\/2025\/01\/20250111_093308-1536x1152.jpg 1536w, https:\/\/molennooitvolmaakt.nl\/wp-content\/uploads\/2025\/01\/20250111_093308-2048x1536.jpg 2048w\" sizes=\"auto, (max-width: 1024px) 100vw, 1024px\" \/><\/figure><div class=\"wp-block-media-text__content\">\n<p><strong>Bezoek onze molenwinkel<\/strong><\/p>\n\n\n\n<p>Elke woensdag en zaterdag hebben we de lekkerste producten voor u klaar staan. Er is vers molenbrood en diverse andere bakkersproducten verkrijgbaar maar ook een ruim assortiment meelproducten, bakmixen, kaas, zuivel en streekproducten. Uniek is ons ruime assortiment exotische meelproducten als Mashela, Teffmeel, Sighem, Ufun en Sernay.<\/p>\n\n\n\n<p>De molenwinkel is elke woensdag geopend van 13:00 &#8211; 17:00 en elke zaterdag van 10:00 &#8211; 17:00.<\/p>\n\n\n\n<p>Zoekt u iets specifieks? Neem dan contact op met de molenaar via info@molennooitvolmaakt.nl<\/p>\n<\/div><\/div>\n\n\n\n<figure class=\"wp-block-image size-large\"><img loading=\"lazy\" decoding=\"async\" width=\"1024\" height=\"768\" src=\"https:\/\/molennooitvolmaakt.nl\/wp-content\/uploads\/2025\/03\/20250301_094819-1-1024x768.jpg\" alt=\"\" class=\"wp-image-1497\" srcset=\"https:\/\/molennooitvolmaakt.nl\/wp-content\/uploads\/2025\/03\/20250301_094819-1-1024x768.jpg 1024w, https:\/\/molennooitvolmaakt.nl\/wp-content\/uploads\/2025\/03\/20250301_094819-1-300x225.jpg 300w, https:\/\/molennooitvolmaakt.nl\/wp-content\/uploads\/2025\/03\/20250301_094819-1-768x576.jpg 768w, https:\/\/molennooitvolmaakt.nl\/wp-content\/uploads\/2025\/03\/20250301_094819-1-1536x1152.jpg 1536w, https:\/\/molennooitvolmaakt.nl\/wp-content\/uploads\/2025\/03\/20250301_094819-1-2048x1536.jpg 2048w\" sizes=\"auto, (max-width: 1024px) 100vw, 1024px\" \/><\/figure>\n\n\n\n<p><strong><em>Assortimentslijst molenwinkel Korenmolen Nooit Volmaakt Gorinchem 2025<\/em><\/strong><br><strong>Meelproducten:<\/strong><br>Amandelmeel 500 gram<br>Amerikaanse tarwebloem 1kg<br>Amerikaanse tarwebloem 2,5kg<br>Amerikaanse tarwebloem 5kg<br>Boekweitmeel 1kg<br>Franse tarwebloem T65 1kg<br>Franse tarwebloem T65 2,5kg<br>Franse tarwebloem T65 5kg<br>Gerstmeel 1kg<br>Gerstmeel 2,5kg<br>Gerstmeel 5kg<br>Griesmeel 1kg<br>Griesmeel 2,5kg<br>Griesmeel 5kg<br>Kokosmeel 500 gram<br>Maismeel 1kg<br>Maismeel 2,5kg<br>Maismeel 5kg<br>Mashela 1kg<br>Mashela 2,5kg<br>Mashela 5kg<br>Roggebloem 1kg<br>Roggemeel 1kg<br>Roggemeel 2,5kg<br>Roggemeel 5kg<br>Rijstmeel 1kg<br>Speltbloem 1kg<br>Speltbloem 2,5kg<br>Speltbloem 5kg<br>Speltmeel 1kg<br>Speltmeel 2,5kg<br>Speltmeel 5kg<br>Tarwebloem 1kg<br>Tarwebloem 2,5kg<br>Tarwebloem 5kg<br>Tarwebloem 25kg<br>Tarwebloem Patent 1kg<br>Tarwebloem Patent 2,5kg<br>Tarwebloem Patent 5kg<br>Tarwebloem type 00 1kg<br>Tarwebloem type 00 2,5kg<br>Teffmeel bruin 1kg<br>Teffmeel bruin 2,5kg<br>Teffmeel bruin 5kg<br>Teffmeel wit 1kg<br>Teffmeel wit 2,5kg<br>Teffmeel wit 5kg<br>Volkoren tarwemeel 1kg<br>Volkoren tarwemeel 2,5kg<br>Volkoren tarwemeel 5kg<br>Volkoren tarwemeel 25kg<br>Zeeuwse bloem 1kg<br>Zeeuwse bloem 2,5kg<br>Zelfrijzend bakmeel 1kg<\/p>\n\n\n\n<p><strong>Broodmixen:<\/strong><br>Bosbeekmix 1kg<br>Bosbeekmix 2,5kg<br>Bosbeekmix 5kg<br>Koolhydraatarme broodmix 1kg<br>Koolhydraatarme broodmix 2,5kg<br>Koolhydraatarme broodmix 5kg<br>Maiscoorn 1kg<br>Maiscoorn 2,5kg<br>Maiscoorn 5kg<br>Molenbruin 1kg<br>Molenbruin 2,5kg<br>Molenwit 1kg<br>Molenwit 2,5kg<br>Moolencoorn 1kg<br>Moolencoorn 2,5kg<br>Moolencoorn 5kg<br>Pain honor\u00e9 1kg<br>Pain honor\u00e9 2,5kg<br>Pain honor\u00e9 5kg<br>Pain du moulin 1kg<br>Pain du moulin 2,5kg<br>Pain du moulin 5kg<br>Vestingdonker 1kg<br>Vestingdonker 2,5kg<br>5-granenmeel 1kg<br>5-granenmeel 2,5kg<br>5-granenmeel 5kg<br>Vitcoorn 1kg<br>Vitcoorn 2,5kg<br>Vitcoorn 5kg<br>Waldkorn 1kg<br>Waldkorn 2,5kg<br>Waldkorn 5kg<\/p>\n\n\n\n<p><strong>Meelproducten van natuurlijke oorsprong:<\/strong><br>Durumbloem 1kg<br>Havermeel 1kg<br>Roggemeel 1kg<br>Speltbloem 1kg<br>Speltbloem 2,5kg<br>Speltbloem 5kg<br>Speltmeel 1kg<br>Speltmeel 2,5kg<br>Speltmeel 5kg<br>Tarwebloem 1kg<br>Tarwebloem 2,5kg<br>Tarwebloem 5kg<br>Volkoren tarwemeel 1kg<br>Volkoren tarwemeel 2,5kg<br>Volkoren tarwemeel 5kg<\/p>\n\n\n\n<p><strong>Bijzondere broodmixen:<\/strong><br>Bananenbrood 500 gram<br>Italiaans kruidenbrood 500 gram<br>Foccaciabrood 500 gram<br>Kaas-uibrood 500 gram<br>Pikante kaasbrood 500 gram<br>Noten-vruchtenbrood 500 gram<br>Suikerbrood 500 gram<br>Eierkoekenmix 500 gram<br>Rozijnenbrood 500 gram<br>Krenten-rozijnenbrood 500 gram<br>Appelkaneelbroodmix 500 gram<\/p>\n\n\n\n<p><strong>Glutenvrije producten:<\/strong><br>Glutenvrije bloem 500 gram<br>Glutenvrije meergranenmeel 500 gram<\/p>\n\n\n\n<p><strong>Vlokken, zaden, pitten:<\/strong><br>Gerstvlokken 500 gram<br>Havervlokken 500 gram<br>Havermoutvlokken 500 gram<br>Roggevlokken 500 gram<br>Tarwevlokken 500 gram<br>Lijnzaad (heel) 500 gram<br>Lijnzaad (gebroken) 500 gram<br>Zonnebloempitten 500 gram<br>Pompoenpitten 500 gram<br>Maanzaad 250 gram<br>Sesamzaad 250 gram<br>Zaden\/pittenmix 500 gram<br>Molenmuesli 500 gram<br>Vruchtenmuesli 500 gram<br>Zemelen 500 gram<br>Suikernibs P4 500 gram<br>Kokosrasp 500 gram<br>Kokoschips 250 gram<\/p>\n\n\n\n<p><strong>Toevoegingen:<\/strong><br>Banketbakkersroom 500 gram<br>Bruinbroodpoeder 500 gram<br>Bakkerszout 500 gram<br>Geroosterd moutpoeder 250 gram<br>Glutenpoeder 500 gram<br>O-tentic zuurdeegpoeder 500 gram<br>melkpoeder 500 gram<br>Droge gist 5 x 11 gram<br>Droge gist 125 gram <br>Droge gist 500 gram<br>Verse gist (alleen in december)<br>Amandelspijs (okt-jan) 500 gram<br>Amandelschaafsel (okt-jan) 250 gram<\/p>\n\n\n\n<p><strong>Pannenkoekenmeel:<\/strong><br>pannenkoekenmeel 500 gram<br>Pannenkoekenmeel 1kg<br>Pannenkoekenmeel met vanille 500 gram<br>Pannenkoekenmeel met vanille 1kg<br>Spelt-pannenkoekenmeel 500 gram<\/p>\n\n\n\n<p><strong>Cake &amp; koekmixen:<\/strong><br>Aardbeien-roomcake 500 gram<br>Amandelcake 500 gram<br>Appel rozijnencake 600 gram<br>Appel kaneelcake 550 gram<br>Bitterkoekjescake 550 gram<br>Bitterkoekjescake met amaretto 500 gram<br>Chocoladecake 550 gram<br>Dubbele chocoladecake 500 gram<br>Chocolade koekjesmix 600 gram<br>Citroen mascarponecake 500 gram<br>Molenaarscake 500 gram<br>Molenaarscake met cranberries 550 gram<br>Notencake 500 gram<br>Hendrik Hamelcake 500 gram<br>Sinaasappel chocoladecake 500 gram<br>Frambozencake met witte chocola 500 gram<br>Wintercake 500 gram<br>Jan Hagelmix 500 gram<br>Stroopwafelcake 500 gram<br>Zeeuwse bolusmix 750 gram<br>Wafelmix 500 gram<br>Gevulde koekenmix 650 gram<br>Zandkoekjes 500 gram<br>Gorcumse molenkoek 500 gram<br>Molenkoek met chocla 400 gram<br>Molenkoek met cranberry 400 gram<br>Boterkoek 500 gram<br>Appeltaart 500 gram<br>Kruidkoek 650 gram<br>Speculaasmix 500 gram<br>Speltcake 500 gram<br>Tulbandcake 900 gram<br>Kokosmakronen 500 gram<br>Abrikozen dadelcake 500 gram<br>Speculaascakemix 500 gram<br>Pistache walnootcake 500 gram<\/p>\n\n\n\n<p><strong>Streekproducten:<\/strong><br>Ruim assortiment kruiden\/specerijen snuifmolens Kralingse plas Rotterdam<br>Chateau du tets rode wijn<br>Chateau du tets witte wijn<br>Chateau du tets ros\u00e9<br>Ruim assortiment jams, sappen, curd van Landgoed Mari\u00ebnwaerdt<br>Diverse soorten streekbiertjes<br>Appelsap uit de Betuwe (3 liter)<br>Diverse soorten bittertjes molen Nooit Volmaakt<br>Advocaat uit de streek<br>Honing diverse soorten<br>Honingsnoep \/ hakhoning<br>Verse scharreleieren<br>Gorcumse zoute bollen<br>Groot assortiment verse brood\/bakkersproducten bakker Simons<br>Groot assortiment bakkersproducten zorgbakkerij De Witte Schuur<br><strong>Zuivelboerderij Noordam:<\/strong> volle melk, karnemelk, yoghurt, vanillevla, diverse soorten kaas, roomboter.<br><strong>Peren &amp; Patrijzen:<\/strong> <br>Perensap groot<br>Perensap klein<br>Peer speculaasjam groot<br>Peer speculaasjam klein<br>Peer gember sinaasappeljam groot<br>Peer gember sinaasappeljam klein<br>Schenkstroop<\/p>\n\n\n\n<p><\/p>\n\n\n\n<p><\/p>\n\n\n\n<p><\/p>\n\n\n\n<p><\/p>\n\n\n\n<p><\/p>\n\n\n\n<p><strong>Overig<\/strong><br>Diverse soorten speculaasplanken<br>Rijsmand groot<br>Rijsmand klein<br>Rijsmand rond<br>Rijsmand doekjes<br>Deegschrappers AKG<br>Koekjesuitstekers molen<br>Koekjesuitstekers Sint\/piet<br>Jutte tas AKG<br>Diverse souvenirs <br>Receptenboekje AKG<br>Molen ansichtkaarten<\/p>\n\n\n\n<p><\/p>\n","protected":false},"excerpt":{"rendered":"<p>Bezoek onze molenwinkel Elke woensdag en zaterdag hebben we de lekkerste producten voor u klaar staan. Er is vers molenbrood en diverse andere bakkersproducten verkrijgbaar maar ook een ruim assortiment meelproducten, bakmixen, kaas, zuivel en streekproducten. Uniek is ons ruime assortiment exotische meelproducten als Mashela, Teffmeel, Sighem, Ufun en Sernay. De molenwinkel is elke woensdag&#8230;<\/p>\n","protected":false},"author":1,"featured_media":0,"parent":0,"menu_order":0,"comment_status":"closed","ping_status":"closed","template":"","meta":{"_kadence_starter_templates_imported_post":false,"_kad_post_transparent":"","_kad_post_title":"","_kad_post_layout":"","_kad_post_sidebar_id":"","_kad_post_content_style":"","_kad_post_vertical_padding":"","_kad_post_feature":"","_kad_post_feature_position":"","_kad_post_header":false,"_kad_post_footer":false,"footnotes":""},"class_list":["post-20","page","type-page","status-publish","hentry"],"yoast_head":"<!-- This site is optimized with the Yoast SEO plugin v27.5 - https:\/\/yoast.com\/product\/yoast-seo-wordpress\/ -->\n<title>Molenwinkel - Korenmolen Nooit Volmaakt<\/title>\n<meta name=\"robots\" content=\"index, follow, max-snippet:-1, max-image-preview:large, max-video-preview:-1\" \/>\n<link rel=\"canonical\" href=\"https:\/\/molennooitvolmaakt.nl\/?page_id=20\" \/>\n<meta property=\"og:locale\" content=\"nl_NL\" \/>\n<meta property=\"og:type\" content=\"article\" \/>\n<meta property=\"og:title\" content=\"Molenwinkel - Korenmolen Nooit Volmaakt\" \/>\n<meta property=\"og:description\" content=\"Bezoek onze molenwinkel Elke woensdag en zaterdag hebben we de lekkerste producten voor u klaar staan. Er is vers molenbrood en diverse andere bakkersproducten verkrijgbaar maar ook een ruim assortiment meelproducten, bakmixen, kaas, zuivel en streekproducten. Uniek is ons ruime assortiment exotische meelproducten als Mashela, Teffmeel, Sighem, Ufun en Sernay. De molenwinkel is elke woensdag...\" \/>\n<meta property=\"og:url\" content=\"https:\/\/molennooitvolmaakt.nl\/?page_id=20\" \/>\n<meta property=\"og:site_name\" content=\"Korenmolen Nooit Volmaakt\" \/>\n<meta property=\"article:modified_time\" content=\"2025-04-13T19:23:56+00:00\" \/>\n<meta property=\"og:image\" content=\"https:\/\/molennooitvolmaakt.nl\/wp-content\/uploads\/2025\/01\/20250111_093308-scaled.jpg\" \/>\n\t<meta property=\"og:image:width\" content=\"2560\" \/>\n\t<meta property=\"og:image:height\" content=\"1920\" \/>\n\t<meta property=\"og:image:type\" content=\"image\/jpeg\" \/>\n<meta name=\"twitter:card\" content=\"summary_large_image\" \/>\n<meta name=\"twitter:label1\" content=\"Geschatte leestijd\" \/>\n\t<meta name=\"twitter:data1\" content=\"5 minuten\" \/>\n<script type=\"application\/ld+json\" class=\"yoast-schema-graph\">{\"@context\":\"https:\\\/\\\/schema.org\",\"@graph\":[{\"@type\":\"WebPage\",\"@id\":\"https:\\\/\\\/molennooitvolmaakt.nl\\\/?page_id=20\",\"url\":\"https:\\\/\\\/molennooitvolmaakt.nl\\\/?page_id=20\",\"name\":\"Molenwinkel - Korenmolen Nooit Volmaakt\",\"isPartOf\":{\"@id\":\"https:\\\/\\\/molennooitvolmaakt.nl\\\/#website\"},\"primaryImageOfPage\":{\"@id\":\"https:\\\/\\\/molennooitvolmaakt.nl\\\/?page_id=20#primaryimage\"},\"image\":{\"@id\":\"https:\\\/\\\/molennooitvolmaakt.nl\\\/?page_id=20#primaryimage\"},\"thumbnailUrl\":\"https:\\\/\\\/molennooitvolmaakt.nl\\\/wp-content\\\/uploads\\\/2025\\\/01\\\/20250111_093308-1024x768.jpg\",\"datePublished\":\"2025-01-02T07:16:22+00:00\",\"dateModified\":\"2025-04-13T19:23:56+00:00\",\"breadcrumb\":{\"@id\":\"https:\\\/\\\/molennooitvolmaakt.nl\\\/?page_id=20#breadcrumb\"},\"inLanguage\":\"nl-NL\",\"potentialAction\":[{\"@type\":\"ReadAction\",\"target\":[\"https:\\\/\\\/molennooitvolmaakt.nl\\\/?page_id=20\"]}]},{\"@type\":\"ImageObject\",\"inLanguage\":\"nl-NL\",\"@id\":\"https:\\\/\\\/molennooitvolmaakt.nl\\\/?page_id=20#primaryimage\",\"url\":\"https:\\\/\\\/molennooitvolmaakt.nl\\\/wp-content\\\/uploads\\\/2025\\\/01\\\/20250111_093308-scaled.jpg\",\"contentUrl\":\"https:\\\/\\\/molennooitvolmaakt.nl\\\/wp-content\\\/uploads\\\/2025\\\/01\\\/20250111_093308-scaled.jpg\",\"width\":2560,\"height\":1920},{\"@type\":\"BreadcrumbList\",\"@id\":\"https:\\\/\\\/molennooitvolmaakt.nl\\\/?page_id=20#breadcrumb\",\"itemListElement\":[{\"@type\":\"ListItem\",\"position\":1,\"name\":\"Home\",\"item\":\"https:\\\/\\\/molennooitvolmaakt.nl\\\/\"},{\"@type\":\"ListItem\",\"position\":2,\"name\":\"Molenwinkel\"}]},{\"@type\":\"WebSite\",\"@id\":\"https:\\\/\\\/molennooitvolmaakt.nl\\\/#website\",\"url\":\"https:\\\/\\\/molennooitvolmaakt.nl\\\/\",\"name\":\"Korenmolen Nooit Volmaakt\",\"description\":\"Een werkend monument langs de Linge\",\"potentialAction\":[{\"@type\":\"SearchAction\",\"target\":{\"@type\":\"EntryPoint\",\"urlTemplate\":\"https:\\\/\\\/molennooitvolmaakt.nl\\\/?s={search_term_string}\"},\"query-input\":{\"@type\":\"PropertyValueSpecification\",\"valueRequired\":true,\"valueName\":\"search_term_string\"}}],\"inLanguage\":\"nl-NL\"}]}<\/script>\n<!-- \/ Yoast SEO plugin. -->","yoast_head_json":{"title":"Molenwinkel - Korenmolen Nooit Volmaakt","robots":{"index":"index","follow":"follow","max-snippet":"max-snippet:-1","max-image-preview":"max-image-preview:large","max-video-preview":"max-video-preview:-1"},"canonical":"https:\/\/molennooitvolmaakt.nl\/?page_id=20","og_locale":"nl_NL","og_type":"article","og_title":"Molenwinkel - Korenmolen Nooit Volmaakt","og_description":"Bezoek onze molenwinkel Elke woensdag en zaterdag hebben we de lekkerste producten voor u klaar staan. Er is vers molenbrood en diverse andere bakkersproducten verkrijgbaar maar ook een ruim assortiment meelproducten, bakmixen, kaas, zuivel en streekproducten. Uniek is ons ruime assortiment exotische meelproducten als Mashela, Teffmeel, Sighem, Ufun en Sernay. De molenwinkel is elke woensdag...","og_url":"https:\/\/molennooitvolmaakt.nl\/?page_id=20","og_site_name":"Korenmolen Nooit Volmaakt","article_modified_time":"2025-04-13T19:23:56+00:00","og_image":[{"width":2560,"height":1920,"url":"https:\/\/molennooitvolmaakt.nl\/wp-content\/uploads\/2025\/01\/20250111_093308-scaled.jpg","type":"image\/jpeg"}],"twitter_card":"summary_large_image","twitter_misc":{"Geschatte leestijd":"5 minuten"},"schema":{"@context":"https:\/\/schema.org","@graph":[{"@type":"WebPage","@id":"https:\/\/molennooitvolmaakt.nl\/?page_id=20","url":"https:\/\/molennooitvolmaakt.nl\/?page_id=20","name":"Molenwinkel - Korenmolen Nooit Volmaakt","isPartOf":{"@id":"https:\/\/molennooitvolmaakt.nl\/#website"},"primaryImageOfPage":{"@id":"https:\/\/molennooitvolmaakt.nl\/?page_id=20#primaryimage"},"image":{"@id":"https:\/\/molennooitvolmaakt.nl\/?page_id=20#primaryimage"},"thumbnailUrl":"https:\/\/molennooitvolmaakt.nl\/wp-content\/uploads\/2025\/01\/20250111_093308-1024x768.jpg","datePublished":"2025-01-02T07:16:22+00:00","dateModified":"2025-04-13T19:23:56+00:00","breadcrumb":{"@id":"https:\/\/molennooitvolmaakt.nl\/?page_id=20#breadcrumb"},"inLanguage":"nl-NL","potentialAction":[{"@type":"ReadAction","target":["https:\/\/molennooitvolmaakt.nl\/?page_id=20"]}]},{"@type":"ImageObject","inLanguage":"nl-NL","@id":"https:\/\/molennooitvolmaakt.nl\/?page_id=20#primaryimage","url":"https:\/\/molennooitvolmaakt.nl\/wp-content\/uploads\/2025\/01\/20250111_093308-scaled.jpg","contentUrl":"https:\/\/molennooitvolmaakt.nl\/wp-content\/uploads\/2025\/01\/20250111_093308-scaled.jpg","width":2560,"height":1920},{"@type":"BreadcrumbList","@id":"https:\/\/molennooitvolmaakt.nl\/?page_id=20#breadcrumb","itemListElement":[{"@type":"ListItem","position":1,"name":"Home","item":"https:\/\/molennooitvolmaakt.nl\/"},{"@type":"ListItem","position":2,"name":"Molenwinkel"}]},{"@type":"WebSite","@id":"https:\/\/molennooitvolmaakt.nl\/#website","url":"https:\/\/molennooitvolmaakt.nl\/","name":"Korenmolen Nooit Volmaakt","description":"Een werkend monument langs de Linge","potentialAction":[{"@type":"SearchAction","target":{"@type":"EntryPoint","urlTemplate":"https:\/\/molennooitvolmaakt.nl\/?s={search_term_string}"},"query-input":{"@type":"PropertyValueSpecification","valueRequired":true,"valueName":"search_term_string"}}],"inLanguage":"nl-NL"}]}},"_links":{"self":[{"href":"https:\/\/molennooitvolmaakt.nl\/index.php?rest_route=\/wp\/v2\/pages\/20","targetHints":{"allow":["GET"]}}],"collection":[{"href":"https:\/\/molennooitvolmaakt.nl\/index.php?rest_route=\/wp\/v2\/pages"}],"about":[{"href":"https:\/\/molennooitvolmaakt.nl\/index.php?rest_route=\/wp\/v2\/types\/page"}],"author":[{"embeddable":true,"href":"https:\/\/molennooitvolmaakt.nl\/index.php?rest_route=\/wp\/v2\/users\/1"}],"replies":[{"embeddable":true,"href":"https:\/\/molennooitvolmaakt.nl\/index.php?rest_route=%2Fwp%2Fv2%2Fcomments&post=20"}],"version-history":[{"count":5,"href":"https:\/\/molennooitvolmaakt.nl\/index.php?rest_route=\/wp\/v2\/pages\/20\/revisions"}],"predecessor-version":[{"id":1520,"href":"https:\/\/molennooitvolmaakt.nl\/index.php?rest_route=\/wp\/v2\/pages\/20\/revisions\/1520"}],"wp:attachment":[{"href":"https:\/\/molennooitvolmaakt.nl\/index.php?rest_route=%2Fwp%2Fv2%2Fmedia&parent=20"}],"curies":[{"name":"wp","href":"https:\/\/api.w.org\/{rel}","templated":true}]}}